{"id":112,"date":"2021-02-11T20:51:05","date_gmt":"2021-02-11T20:51:05","guid":{"rendered":"https:\/\/www.midespachodeabogados.es\/?page_id=112"},"modified":"2021-02-11T20:52:36","modified_gmt":"2021-02-11T20:52:36","slug":"politica-de-privacidad","status":"publish","type":"page","link":"https:\/\/www.midespachodeabogados.es\/index.php\/politica-de-privacidad\/","title":{"rendered":"Pol\u00edtica de Privacidad"},"content":{"rendered":"<h2>Qui\u00e9nes somos<\/h2>\n<p>La direcci\u00f3n de nuestra web es: https:\/\/www.midespachodeabogados.es.<\/p>\n<h2>Qu\u00e9 datos personales recogemos y por qu\u00e9 los recogemos<\/h2>\n<p>Mediante la lectura de la presente Pol\u00edtica de Privacidad, el Usuario queda informado sobre la forma en que MIDESPACHODEABOGADOS.ES recaba, trata y protege los datos de car\u00e1cter personal que le son facilitados a trav\u00e9s del sitio web\u00a0<u>MIDESPACHODEABOGADOS.ES <\/u>\u00a0(en adelante, el \u201csitio web\u201d), as\u00ed como los propios de su conexi\u00f3n y navegaci\u00f3n a trav\u00e9s del Sitio Web (en adelante, la \u201cnavegaci\u00f3n\u201d) y aquellos otros datos que pueda facilitar en un futuro a MIDESPACHODEABOGADOS.ES a trav\u00e9s del Contrato de encargo profesional o cualquier otro medio habilitado.<\/p>\n<p>El Usuario debe leer con atenci\u00f3n esta Pol\u00edtica de Privacidad, que ha sido redactada de forma clara y sencilla, para facilitar su comprensi\u00f3n, y determinar libre y voluntariamente si desea facilitar sus datos personales, o los de terceros, a MIDESPACHODEABOGADOS.ES<\/p>\n<p>Del mismo modo, nos reservamos el derecho a modificar el contenido de la presente Pol\u00edtica de Privacidad, con el objeto de adaptarlo a las diferentes exigencias normativas y jurisprudenciales, as\u00ed como a los informes o dict\u00e1menes emitidos por la Autoridad de control correspondiente.<\/p>\n<p>&nbsp;<\/p>\n<ol>\n<li><strong> RESPONSABLE DEL TRATAMIENTO<\/strong><br \/>\n<strong>Titular: <\/strong>MIDESPACHODEABOGADOS.ES<br \/>\n<strong>NIF:<\/strong><br \/>\n<strong>Domicilio social:<\/strong>\u00a0\u00a0(Alicante)<br \/>\n<strong>Datos registrales:<\/strong><br \/>\n<strong>Correo electr\u00f3nico:<\/strong>\u00a0<u>MIDESPACHODEABOGADOS.ES <\/u><br \/>\n<strong>Responsable de Protecci\u00f3n de Datos:<\/strong>\u00a0el Usuario puede contactar con el Responsable a trav\u00e9s de la siguiente direcci\u00f3n\u00a0<a href=\"&#109;a&#x69;l&#x74;&#111;&#x3a;&#105;&#x6e;&#102;o&#x40;m&#x69;&#100;&#x65;&#115;&#x70;&#97;&#x63;&#104;o&#x64;e&#x61;&#98;&#x6f;&#103;&#x61;&#100;o&#x73;&#46;&#x65;&#115;\">&#105;&#x6e;&#102;&#x6f;&#64;&#x6d;i&#x64;e&#x73;p&#97;&#x63;&#104;&#x6f;&#100;&#x65;&#97;&#x62;o&#x67;a&#x64;o&#115;&#x2e;&#101;&#x73;<\/a> o mediante escrito dirigido al domicilio de Plaza<\/li>\n<\/ol>\n<p>&nbsp;<\/p>\n<ol start=\"2\">\n<li><strong> OBLIGATORIEDAD DE FACILITAR LOS DATOS<\/strong><br \/>\nLos datos solicitados en los formularios accesibles desde el Sitio Web de MIDESPACHODEABOGADOS.ES son, con car\u00e1cter general, obligatorios (salvo que en el campo requerido se especifique lo contrario) para cumplir con las finalidades establecidas. Por lo tanto, si no se facilitan los mismos o no se facilitan correctamente no podr\u00e1n atenderse las mismas.<\/li>\n<\/ol>\n<p>&nbsp;<\/p>\n<ol start=\"3\">\n<li><strong> \u00bfCON QU\u00c9 FINALIDAD TRATAR\u00c1 MIDESPACHODEABOGADOS.ES LOS DATOS PERSONALES DEL USUARIO Y DURANTE CU\u00c1NTO TIEMPO?<\/strong><br \/>\nEn funci\u00f3n de las solicitudes del Usuario, los datos personales recabados ser\u00e1n tratados por MIDESPACHODEABOGADOS.ES conforme a las siguientes finalidades:<\/li>\n<\/ol>\n<p>Gestionar sus solicitudes de contacto con MIDESPACHODEABOGADOS.ES a trav\u00e9s de los canales dispuestos para ello.<\/p>\n<p>Gestionar el env\u00edo de comunicaciones comerciales personalizadas de MIDESPACHODEABOGADOS.ES por medios electr\u00f3nicos y\/o convencionales, en los casos en los que el Usuario as\u00ed lo consienta expresamente.<\/p>\n<p>Gestionar la realizaci\u00f3n de encuestas y\/o evaluaciones relativas a la calidad de los servicios prestados por MIDESPACHODEABOGADOS.ES y\/o a la percepci\u00f3n de su imagen como compa\u00f1\u00eda.<br \/>\nLos datos del Usuario ser\u00e1n conservados durante el plazo necesario para el cumplimiento de cada finalidad o hasta que el Usuario solicite su baja a MIDESPACHODEABOGADOS.ES se oponga o revoque su consentimiento.<\/p>\n<p>&nbsp;<\/p>\n<ol start=\"4\">\n<li><strong> \u00bfQU\u00c9 DATOS DEL USUARIO TRATAR\u00c1 MIDESPACHODEABOGADOS.ES ?<\/strong><br \/>\nMIDESPACHODEABOGADOS.ES podr\u00e1 tratar las siguientes categor\u00edas de datos, en funci\u00f3n de la solicitud realizada por el Usuario:<\/li>\n<\/ol>\n<p>Datos identificativos: nombre y apellidos.<\/p>\n<p>Datos de contacto: direcci\u00f3n postal, tel\u00e9fono m\u00f3vil, direcci\u00f3n de correo electr\u00f3nico.<\/p>\n<p>C\u00f3digos o claves de identificaci\u00f3n del Usuario.<\/p>\n<p>Datos de caracter\u00edsticas personales: fecha de nacimiento, sexo, nacionalidad.<\/p>\n<p>Datos de preferencias.<\/p>\n<p>Datos de geolocalizaci\u00f3n.<\/p>\n<p>Datos de la tarjeta, necesarios para la realizaci\u00f3n del pago de los servicios o para garantizar los mismos.<br \/>\nEn caso de registro y\/o acceso mediante una cuenta de terceros, MIDESPACHODEABOGADOS.ES podr\u00e1 recopilar y acceder a cierta informaci\u00f3n del perfil del Usuario de la red social correspondiente, \u00fanicamente para fines administrativos internos y\/o para las finalidades indicadas anteriormente.<br \/>\nEn caso de que el Usuario facilite datos de terceros, manifiesta contar con el consentimiento de los mismos y se compromete a trasladar al interesado, titular de dichos datos, la informaci\u00f3n contenida en la presente Pol\u00edtica de Privacidad, eximiendo a MIDESPACHODEABOGADOS.ES de cualquier responsabilidad en este sentido. No obstante, MIDESPACHODEABOGADOS.ES podr\u00e1 llevar a cabo las verificaciones necesarias para constatar este hecho, adoptando las medidas de diligencia debida que correspondan, conforme a la normativa de protecci\u00f3n de datos.<\/p>\n<p>&nbsp;<\/p>\n<ol start=\"5\">\n<li><strong> \u00bfCU\u00c1L ES LA LEGITIMACI\u00d3N DEL TRATAMIENTO DE TUS DATOS?<\/strong><br \/>\nLos tratamientos de datos necesarios para el cumplimiento de las referidas finalidades que precisen del consentimiento del Usuario para su realizaci\u00f3n, no se llevar\u00e1n a cabo sin contar con \u00e9ste.<br \/>\nAsimismo, en caso de que el Usuario retirase su consentimiento a cualquiera de los tratamientos, ello no afectar\u00e1 a la licitud de los tratamientos efectuados con anterioridad.<br \/>\nPara revocar dicho consentimiento, el Usuario podr\u00e1 contactar con MIDESPACHODEABOGADOS.ES a trav\u00e9s de los canales siguientes: por medio de un escrito dirigido a Responsable: MIDESPACHODEABOGADOS.ES , CIF: , direcci\u00f3n postal: , correo electr\u00f3nico: <u>MIDESPACHODEABOGADOS.ES <\/u><br \/>\nAsimismo, en los casos en los que sea necesario tratar los datos del Usuario para el cumplimiento de una obligaci\u00f3n legal o para la ejecuci\u00f3n de la relaci\u00f3n contractual existente entre MIDESPACHODEABOGADOS.ES y el Usuario, el tratamiento se encontrar\u00eda legitimado por ser necesario para el cumplimiento de dichas finalidades. Por su parte, el tratamiento llevado a cabo para la realizaci\u00f3n de encuestas y\/o evaluaciones relativas a la calidad de los servicios prestados por MIDESPACHODEABOGADOS.ES y\/o a la percepci\u00f3n de su imagen como compa\u00f1\u00eda se realizar\u00e1 en base al inter\u00e9s leg\u00edtimo del responsable.<\/li>\n<\/ol>\n<p>&nbsp;<\/p>\n<ol start=\"6\">\n<li><strong> \u00bfA QU\u00c9 DESTINATARIOS SE COMUNICAR\u00c1N LOS DATOS DEL USUARIO?<\/strong><br \/>\nLos datos del Usuario podr\u00e1n ser comunicados a:<\/li>\n<\/ol>\n<p>Empresas colaboradoras de MIDESPACHODEABOGADOS.ES \u00fanicamente para fines administrativos internos y\/o para las finalidades anteriormente indicadas.<\/p>\n<p>Proveedores de MIDESPACHODEABOGADOS.ES o de los necesarios para el adecuado cumplimiento de las obligaciones legales y\/o de las finalidades anteriormente indicadas.<\/p>\n<p>Empresas colaboradoras de MIDESPACHODEABOGADOS.ES para el cumplimiento de las finalidades anteriormente indicadas y\/o, en caso de que as\u00ed lo autorice, para el env\u00edo de comunicaciones comerciales.<\/p>\n<p>Administraciones P\u00fablicas, en los casos previstos por la Ley.<br \/>\nLos destinatarios indicados en el presente apartado pueden encontrarse ubicados dentro o fuera del Espacio Econ\u00f3mico Europeo, encontr\u00e1ndose en este \u00faltimo caso debidamente legitimadas las transferencias internacionales de datos.<\/p>\n<p>&nbsp;<\/p>\n<ol start=\"7\">\n<li><strong> RESPONSABILIDAD DEL USUARIO<\/strong><br \/>\nEl Usuario:<br \/>\nGarantiza que es mayor de edad o emancipado legalmente en su caso, plenamente capaz, y que los datos que facilita a MIDESPACHODEABOGADOS.ES son verdaderos, exactos, completos y actualizados. A estos efectos, el Usuario responde de la veracidad de todos los datos que comunique y mantendr\u00e1 convenientemente actualizada la informaci\u00f3n facilitada, de tal forma que responda a su situaci\u00f3n real.<br \/>\nGarantiza que ha informado a los terceros de los que facilite sus datos, en caso de hacerlo, de los aspectos contenidos en este documento. Asimismo, garantiza que ha obtenido su autorizaci\u00f3n para facilitar sus datos a MIDESPACHODEABOGADOS.ES para los fines se\u00f1alados.<br \/>\nSer\u00e1 responsable de las informaciones falsas o inexactas que proporcione a trav\u00e9s del Sitio Web y de los da\u00f1os y perjuicios, directos o indirectos, que ello cause a MIDESPACHODEABOGADOS.ES o a terceros.<\/li>\n<\/ol>\n<p>&nbsp;<\/p>\n<ol start=\"8\">\n<li><strong> COMUNICACIONES COMERCIALES Y PROMOCIONALES<\/strong><br \/>\nUna de las finalidades para las que MIDESPACHODEABOGADOS.ES trata los datos del Usuario ser\u00e1 para el env\u00edo de comunicaciones comerciales,\u00a0por medios electr\u00f3nicos y\/o convencionales,\u00a0con informaci\u00f3n relativa a productos, servicios, promociones, ofertas, eventos o noticias relevantes para los Usuarios. Siempre que se realice alguna comunicaci\u00f3n de este tipo, \u00e9sta ser\u00e1 dirigida \u00fanica y exclusivamente a aquellos Usuarios que hubieran autorizado su recepci\u00f3n y\/o que no hubieran manifestado previamente su negativa a la recepci\u00f3n de las mismas. Para llevar a cabo la labor anterior, MIDESPACHODEABOGADOS.ES podr\u00e1 analizar los datos obtenidos, a fin de elaborar perfiles de Usuario que permitan definir con mayor detalle los productos que puedan resultar de su inter\u00e9s.<br \/>\nEn caso de que el Usuario desee dejar de recibir comunicaciones comerciales o promocionales por parte de MIDESPACHODEABOGADOS.ES puede solicitar la baja del servicio enviando un email a la siguiente direcci\u00f3n de correo electr\u00f3nico\u00a0<u>MIDESPACHODEABOGADOS.ES <\/u>, as\u00ed como indicando su negativa a la recepci\u00f3n de las mismas mediante la opci\u00f3n de baja proporcionada en cada una de las comunicaciones comerciales remitidas.<\/li>\n<\/ol>\n<p>&nbsp;<\/p>\n<ol start=\"9\">\n<li><strong> EJERCICIO DE DERECHOS<\/strong><br \/>\nEl Usuario puede enviar un escrito a MIDESPACHODEABOGADOS.ES ,\u00a0 (Alicante) o bien por medio de un correo electr\u00f3nico a la direcci\u00f3n &#105;&#x6e;&#x66;o&#64;&#x6d;i&#100;&#x65;&#x73;p&#97;&#x63;h&#111;&#x64;&#x65;a&#98;&#x6f;g&#97;&#x64;&#x6f;&#115;&#46;&#x65;s ambos casos, con la Referencia \u201cProtecci\u00f3n de Datos\u201d, adjuntando fotocopia de su documento de identidad o pasaporte en vigor, en cualquier momento y de manera gratuita, para:<\/li>\n<\/ol>\n<p>Revocar los consentimientos otorgados.<\/p>\n<p>Obtener confirmaci\u00f3n acerca de si en MIDESPACHODEABOGADOS.ES se est\u00e1n tratando datos personales que conciernen al Usuario o no.<\/p>\n<p>Acceder a sus datos personales.<\/p>\n<p>Rectificar los datos inexactos o incompletos.<\/p>\n<p>Solicitar la supresi\u00f3n de sus datos cuando, entre otros motivos, los datos ya no sean necesarios para los fines que fueron recogidos.<\/p>\n<p>Obtener de MIDESPACHODEABOGADOS.ES la limitaci\u00f3n del tratamiento de los datos cuando se cumpla alguna de las condiciones previstas en la normativa de protecci\u00f3n de datos.<\/p>\n<p>Obtener intervenci\u00f3n humana, a expresar tu punto de vista y a impugnar las decisiones automatizadas a adoptadas por parte de MIDESPACHODEABOGADOS.ES<\/p>\n<p>Solicitar la portabilidad de tus datos.<\/p>\n<p>Asimismo, se informa al usuario de que en cualquier momento podr\u00e1 interponer una reclamaci\u00f3n relativa a la protecci\u00f3n de sus datos personales ante la Autoridad de control competente.<\/p>\n<p>&nbsp;<\/p>\n<ol start=\"10\">\n<li><strong> MEDIDAS DE SEGURIDAD<\/strong><br \/>\nMIDESPACHODEABOGADOS.ES tratar\u00e1 los datos del Usuario en todo momento de forma absolutamente confidencial y guardando el preceptivo deber de secreto respecto de los mismos, de conformidad con lo previsto en la normativa de aplicaci\u00f3n, adoptando al efecto las medidas de \u00edndole t\u00e9cnica y organizativas necesarias que garanticen la seguridad de sus datos y eviten su alteraci\u00f3n, p\u00e9rdida, tratamiento o acceso no autorizado, habida cuenta del estado de la tecnolog\u00eda, la naturaleza de los datos almacenados y los riesgos a que est\u00e1n expuestos.<\/li>\n<\/ol>\n","protected":false},"excerpt":{"rendered":"<p>Qui\u00e9nes somos La direcci\u00f3n de nuestra web es: https:\/\/www.midespachodeabogados.es. Qu\u00e9 datos personales recogemos y por qu\u00e9 los recogemos Mediante la lectura de la presente Pol\u00edtica de Privacidad, el Usuario queda informado sobre la forma en que MIDESPACHODEABOGADOS.ES recaba, trata y protege los datos de car\u00e1cter personal que le son facilitados a trav\u00e9s del sitio web\u00a0MIDESPACHODEABOGADOS.ES &#8230; <a title=\"Pol\u00edtica de Privacidad\" class=\"read-more\" href=\"https:\/\/www.midespachodeabogados.es\/index.php\/politica-de-privacidad\/\" aria-label=\"M\u00e1s en Pol\u00edtica de Privacidad\">Leer m\u00e1s<\/a><\/p>\n","protected":false},"author":1,"featured_media":0,"parent":0,"menu_order":0,"comment_status":"closed","ping_status":"closed","template":"","meta":{"_joinchat":[],"footnotes":""},"class_list":["post-112","page","type-page","status-publish"],"yoast_head":"<!-- This site is optimized with the Yoast SEO plugin v21.5 - https:\/\/yoast.com\/wordpress\/plugins\/seo\/ -->\n<title>Pol\u00edtica de Privacidad Mi Despacho de Abogados<\/title>\n<meta name=\"robots\" content=\"index, nofollow, max-snippet:-1, max-image-preview:large, max-video-preview:-1\" \/>\n<link rel=\"canonical\" href=\"https:\/\/www.midespachodeabogados.es\/index.php\/politica-de-privacidad\/\" \/>\n<meta property=\"og:locale\" content=\"es_ES\" \/>\n<meta property=\"og:type\" content=\"article\" \/>\n<meta property=\"og:title\" content=\"Pol\u00edtica de Privacidad Mi Despacho de Abogados\" \/>\n<meta property=\"og:description\" content=\"Qui\u00e9nes somos La direcci\u00f3n de nuestra web es: https:\/\/www.midespachodeabogados.es. Qu\u00e9 datos personales recogemos y por qu\u00e9 los recogemos Mediante la lectura de la presente Pol\u00edtica de Privacidad, el Usuario queda informado sobre la forma en que MIDESPACHODEABOGADOS.ES recaba, trata y protege los datos de car\u00e1cter personal que le son facilitados a trav\u00e9s del sitio web\u00a0MIDESPACHODEABOGADOS.ES ... Leer m\u00e1s\" \/>\n<meta property=\"og:url\" content=\"https:\/\/www.midespachodeabogados.es\/index.php\/politica-de-privacidad\/\" \/>\n<meta property=\"og:site_name\" content=\"Mi Despacho de Abogados\" \/>\n<meta property=\"article:modified_time\" content=\"2021-02-11T20:52:36+00:00\" \/>\n<meta name=\"twitter:card\" content=\"summary_large_image\" \/>\n<meta name=\"twitter:label1\" content=\"Tiempo de lectura\" \/>\n\t<meta name=\"twitter:data1\" content=\"7 minutos\" \/>\n<script type=\"application\/ld+json\" class=\"yoast-schema-graph\">{\"@context\":\"https:\/\/schema.org\",\"@graph\":[{\"@type\":\"WebPage\",\"@id\":\"https:\/\/www.midespachodeabogados.es\/index.php\/politica-de-privacidad\/\",\"url\":\"https:\/\/www.midespachodeabogados.es\/index.php\/politica-de-privacidad\/\",\"name\":\"Pol\u00edtica de Privacidad Mi Despacho de Abogados\",\"isPartOf\":{\"@id\":\"https:\/\/www.midespachodeabogados.es\/#website\"},\"datePublished\":\"2021-02-11T20:51:05+00:00\",\"dateModified\":\"2021-02-11T20:52:36+00:00\",\"breadcrumb\":{\"@id\":\"https:\/\/www.midespachodeabogados.es\/index.php\/politica-de-privacidad\/#breadcrumb\"},\"inLanguage\":\"es\",\"potentialAction\":[{\"@type\":\"ReadAction\",\"target\":[\"https:\/\/www.midespachodeabogados.es\/index.php\/politica-de-privacidad\/\"]}]},{\"@type\":\"BreadcrumbList\",\"@id\":\"https:\/\/www.midespachodeabogados.es\/index.php\/politica-de-privacidad\/#breadcrumb\",\"itemListElement\":[{\"@type\":\"ListItem\",\"position\":1,\"name\":\"Portada\",\"item\":\"https:\/\/www.midespachodeabogados.es\/\"},{\"@type\":\"ListItem\",\"position\":2,\"name\":\"Pol\u00edtica de Privacidad\"}]},{\"@type\":\"WebSite\",\"@id\":\"https:\/\/www.midespachodeabogados.es\/#website\",\"url\":\"https:\/\/www.midespachodeabogados.es\/\",\"name\":\"Mi Despacho de Abogados\",\"description\":\"Servicios profesionales para particulares y empresas.\",\"publisher\":{\"@id\":\"https:\/\/www.midespachodeabogados.es\/#organization\"},\"potentialAction\":[{\"@type\":\"SearchAction\",\"target\":{\"@type\":\"EntryPoint\",\"urlTemplate\":\"https:\/\/www.midespachodeabogados.es\/?s={search_term_string}\"},\"query-input\":\"required name=search_term_string\"}],\"inLanguage\":\"es\"},{\"@type\":\"Organization\",\"@id\":\"https:\/\/www.midespachodeabogados.es\/#organization\",\"name\":\"Mi Despacho de Abogados.es\",\"url\":\"https:\/\/www.midespachodeabogados.es\/\",\"logo\":{\"@type\":\"ImageObject\",\"inLanguage\":\"es\",\"@id\":\"https:\/\/www.midespachodeabogados.es\/#\/schema\/logo\/image\/\",\"url\":\"https:\/\/www.midespachodeabogados.es\/wp-content\/uploads\/2021\/02\/logo-mis-abogados.jpg\",\"contentUrl\":\"https:\/\/www.midespachodeabogados.es\/wp-content\/uploads\/2021\/02\/logo-mis-abogados.jpg\",\"width\":771,\"height\":404,\"caption\":\"Mi Despacho de Abogados.es\"},\"image\":{\"@id\":\"https:\/\/www.midespachodeabogados.es\/#\/schema\/logo\/image\/\"}}]}<\/script>\n<!-- \/ Yoast SEO plugin. -->","yoast_head_json":{"title":"Pol\u00edtica de Privacidad Mi Despacho de Abogados","robots":{"index":"index","follow":"nofollow","max-snippet":"max-snippet:-1","max-image-preview":"max-image-preview:large","max-video-preview":"max-video-preview:-1"},"canonical":"https:\/\/www.midespachodeabogados.es\/index.php\/politica-de-privacidad\/","og_locale":"es_ES","og_type":"article","og_title":"Pol\u00edtica de Privacidad Mi Despacho de Abogados","og_description":"Qui\u00e9nes somos La direcci\u00f3n de nuestra web es: https:\/\/www.midespachodeabogados.es. Qu\u00e9 datos personales recogemos y por qu\u00e9 los recogemos Mediante la lectura de la presente Pol\u00edtica de Privacidad, el Usuario queda informado sobre la forma en que MIDESPACHODEABOGADOS.ES recaba, trata y protege los datos de car\u00e1cter personal que le son facilitados a trav\u00e9s del sitio web\u00a0MIDESPACHODEABOGADOS.ES ... Leer m\u00e1s","og_url":"https:\/\/www.midespachodeabogados.es\/index.php\/politica-de-privacidad\/","og_site_name":"Mi Despacho de Abogados","article_modified_time":"2021-02-11T20:52:36+00:00","twitter_card":"summary_large_image","twitter_misc":{"Tiempo de lectura":"7 minutos"},"schema":{"@context":"https:\/\/schema.org","@graph":[{"@type":"WebPage","@id":"https:\/\/www.midespachodeabogados.es\/index.php\/politica-de-privacidad\/","url":"https:\/\/www.midespachodeabogados.es\/index.php\/politica-de-privacidad\/","name":"Pol\u00edtica de Privacidad Mi Despacho de Abogados","isPartOf":{"@id":"https:\/\/www.midespachodeabogados.es\/#website"},"datePublished":"2021-02-11T20:51:05+00:00","dateModified":"2021-02-11T20:52:36+00:00","breadcrumb":{"@id":"https:\/\/www.midespachodeabogados.es\/index.php\/politica-de-privacidad\/#breadcrumb"},"inLanguage":"es","potentialAction":[{"@type":"ReadAction","target":["https:\/\/www.midespachodeabogados.es\/index.php\/politica-de-privacidad\/"]}]},{"@type":"BreadcrumbList","@id":"https:\/\/www.midespachodeabogados.es\/index.php\/politica-de-privacidad\/#breadcrumb","itemListElement":[{"@type":"ListItem","position":1,"name":"Portada","item":"https:\/\/www.midespachodeabogados.es\/"},{"@type":"ListItem","position":2,"name":"Pol\u00edtica de Privacidad"}]},{"@type":"WebSite","@id":"https:\/\/www.midespachodeabogados.es\/#website","url":"https:\/\/www.midespachodeabogados.es\/","name":"Mi Despacho de Abogados","description":"Servicios profesionales para particulares y empresas.","publisher":{"@id":"https:\/\/www.midespachodeabogados.es\/#organization"},"potentialAction":[{"@type":"SearchAction","target":{"@type":"EntryPoint","urlTemplate":"https:\/\/www.midespachodeabogados.es\/?s={search_term_string}"},"query-input":"required name=search_term_string"}],"inLanguage":"es"},{"@type":"Organization","@id":"https:\/\/www.midespachodeabogados.es\/#organization","name":"Mi Despacho de Abogados.es","url":"https:\/\/www.midespachodeabogados.es\/","logo":{"@type":"ImageObject","inLanguage":"es","@id":"https:\/\/www.midespachodeabogados.es\/#\/schema\/logo\/image\/","url":"https:\/\/www.midespachodeabogados.es\/wp-content\/uploads\/2021\/02\/logo-mis-abogados.jpg","contentUrl":"https:\/\/www.midespachodeabogados.es\/wp-content\/uploads\/2021\/02\/logo-mis-abogados.jpg","width":771,"height":404,"caption":"Mi Despacho de Abogados.es"},"image":{"@id":"https:\/\/www.midespachodeabogados.es\/#\/schema\/logo\/image\/"}}]}},"_links":{"self":[{"href":"https:\/\/www.midespachodeabogados.es\/index.php\/wp-json\/wp\/v2\/pages\/112","targetHints":{"allow":["GET"]}}],"collection":[{"href":"https:\/\/www.midespachodeabogados.es\/index.php\/wp-json\/wp\/v2\/pages"}],"about":[{"href":"https:\/\/www.midespachodeabogados.es\/index.php\/wp-json\/wp\/v2\/types\/page"}],"author":[{"embeddable":true,"href":"https:\/\/www.midespachodeabogados.es\/index.php\/wp-json\/wp\/v2\/users\/1"}],"replies":[{"embeddable":true,"href":"https:\/\/www.midespachodeabogados.es\/index.php\/wp-json\/wp\/v2\/comments?post=112"}],"version-history":[{"count":2,"href":"https:\/\/www.midespachodeabogados.es\/index.php\/wp-json\/wp\/v2\/pages\/112\/revisions"}],"predecessor-version":[{"id":114,"href":"https:\/\/www.midespachodeabogados.es\/index.php\/wp-json\/wp\/v2\/pages\/112\/revisions\/114"}],"wp:attachment":[{"href":"https:\/\/www.midespachodeabogados.es\/index.php\/wp-json\/wp\/v2\/media?parent=112"}],"curies":[{"name":"wp","href":"https:\/\/api.w.org\/{rel}","templated":true}]}}